{"id":593,"date":"2013-05-15T09:02:10","date_gmt":"2013-05-15T07:02:10","guid":{"rendered":"http:\/\/www.filia-leonis.de\/?page_id=444"},"modified":"2013-05-15T09:02:10","modified_gmt":"2013-05-15T07:02:10","slug":"pokhara","status":"publish","type":"page","link":"https:\/\/filia-leonis.de\/?page_id=593","title":{"rendered":"Pokhara"},"content":{"rendered":"<figure style=\"width: 225px\" class=\"wp-caption aligncenter\"><a href=\"http:\/\/filia-leonis.de\/wp-content\/uploads\/2013\/05\/IMG_5109-1.jpg\"><img loading=\"lazy\" decoding=\"async\" class=\" \" alt=\"IMG_5109\" src=\"http:\/\/filia-leonis.de\/wp-content\/uploads\/2013\/05\/IMG_5109-1-225x300.jpg\" width=\"225\" height=\"300\" \/><\/a><figcaption class=\"wp-caption-text\">Wie jetzt, da hoch!?<br \/>(&#8220;Here no car, you walk&#8221;)<\/figcaption><\/figure>\n<figure id=\"attachment_445\" aria-describedby=\"caption-attachment-445\" style=\"width: 300px\" class=\"wp-caption aligncenter\"><a href=\"http:\/\/filia-leonis.de\/wp-content\/uploads\/2013\/05\/IMG_5021.jpg\"><img loading=\"lazy\" decoding=\"async\" class=\"size-medium wp-image-445\" alt=\"IMG_5021\" src=\"http:\/\/filia-leonis.de\/wp-content\/uploads\/2013\/05\/IMG_5021-300x225.jpg\" width=\"300\" height=\"225\" \/><\/a><figcaption id=\"caption-attachment-445\" class=\"wp-caption-text\">Der Lohn f\u00fcr meine M\u00fchen<\/figcaption><\/figure>\n<figure id=\"attachment_446\" aria-describedby=\"caption-attachment-446\" style=\"width: 225px\" class=\"wp-caption aligncenter\"><a href=\"http:\/\/filia-leonis.de\/wp-content\/uploads\/2013\/05\/IMG_5039.jpg\"><img loading=\"lazy\" decoding=\"async\" class=\"size-medium wp-image-446\" alt=\"IMG_5039\" src=\"http:\/\/filia-leonis.de\/wp-content\/uploads\/2013\/05\/IMG_5039-225x300.jpg\" width=\"225\" height=\"300\" \/><\/a><figcaption id=\"caption-attachment-446\" class=\"wp-caption-text\">Nepalesische Gl\u00fchbirne<\/figcaption><\/figure>\n<figure id=\"attachment_447\" aria-describedby=\"caption-attachment-447\" style=\"width: 300px\" class=\"wp-caption aligncenter\"><a href=\"http:\/\/filia-leonis.de\/wp-content\/uploads\/2013\/05\/IMG_5079.jpg\"><img loading=\"lazy\" decoding=\"async\" class=\"size-medium wp-image-447\" alt=\"IMG_5079\" src=\"http:\/\/filia-leonis.de\/wp-content\/uploads\/2013\/05\/IMG_5079-300x225.jpg\" width=\"300\" height=\"225\" \/><\/a><figcaption id=\"caption-attachment-447\" class=\"wp-caption-text\">Alternative Meditation, Pokhara<\/figcaption><\/figure>\n<figure id=\"attachment_449\" aria-describedby=\"caption-attachment-449\" style=\"width: 300px\" class=\"wp-caption aligncenter\"><a href=\"http:\/\/filia-leonis.de\/wp-content\/uploads\/2013\/05\/IMG_5120-1.jpg\"><img loading=\"lazy\" decoding=\"async\" class=\"size-medium wp-image-449\" alt=\"IMG_5120\" src=\"http:\/\/filia-leonis.de\/wp-content\/uploads\/2013\/05\/IMG_5120-1-300x225.jpg\" width=\"300\" height=\"225\" \/><\/a><figcaption id=\"caption-attachment-449\" class=\"wp-caption-text\">Eines der sch\u00f6nsten Caf\u00e9s \u00fcberhaupt, Pokhara<\/figcaption><\/figure>\n<p style=\"text-align: center;\">\n","protected":false},"excerpt":{"rendered":"","protected":false},"author":1,"featured_media":0,"parent":434,"menu_order":0,"comment_status":"closed","ping_status":"open","template":"","meta":{"footnotes":""},"class_list":["post-593","page","type-page","status-publish","hentry"],"_links":{"self":[{"href":"https:\/\/filia-leonis.de\/index.php?rest_route=\/wp\/v2\/pages\/593","targetHints":{"allow":["GET"]}}],"collection":[{"href":"https:\/\/filia-leonis.de\/index.php?rest_route=\/wp\/v2\/pages"}],"about":[{"href":"https:\/\/filia-leonis.de\/index.php?rest_route=\/wp\/v2\/types\/page"}],"author":[{"embeddable":true,"href":"https:\/\/filia-leonis.de\/index.php?rest_route=\/wp\/v2\/users\/1"}],"replies":[{"embeddable":true,"href":"https:\/\/filia-leonis.de\/index.php?rest_route=%2Fwp%2Fv2%2Fcomments&post=593"}],"version-history":[{"count":0,"href":"https:\/\/filia-leonis.de\/index.php?rest_route=\/wp\/v2\/pages\/593\/revisions"}],"up":[{"embeddable":true,"href":"https:\/\/filia-leonis.de\/index.php?rest_route=\/wp\/v2\/pages\/434"}],"wp:attachment":[{"href":"https:\/\/filia-leonis.de\/index.php?rest_route=%2Fwp%2Fv2%2Fmedia&parent=593"}],"curies":[{"name":"wp","href":"https:\/\/api.w.org\/{rel}","templated":true}]}}