{"id":589,"date":"2013-04-25T10:11:33","date_gmt":"2013-04-25T08:11:33","guid":{"rendered":"http:\/\/www.filia-leonis.de\/?page_id=292"},"modified":"2013-04-25T10:11:33","modified_gmt":"2013-04-25T08:11:33","slug":"italien","status":"publish","type":"page","link":"https:\/\/filia-leonis.de\/?page_id=589","title":{"rendered":"Italien"},"content":{"rendered":"<p>Bitte \u00fcber das Men\u00fc oben ausw\u00e4hlen \ud83d\ude42<br \/>\nBilder sind unter den Unterpunkten zu finden<\/p>\n<p>&nbsp;<\/p>\n","protected":false},"excerpt":{"rendered":"<p>Bitte \u00fcber das Men\u00fc oben ausw\u00e4hlen \ud83d\ude42 Bilder sind unter den Unterpunkten zu finden &nbsp;<\/p>\n","protected":false},"author":1,"featured_media":0,"parent":160,"menu_order":0,"comment_status":"closed","ping_status":"open","template":"","meta":{"footnotes":""},"class_list":["post-589","page","type-page","status-publish","hentry"],"_links":{"self":[{"href":"https:\/\/filia-leonis.de\/index.php?rest_route=\/wp\/v2\/pages\/589","targetHints":{"allow":["GET"]}}],"collection":[{"href":"https:\/\/filia-leonis.de\/index.php?rest_route=\/wp\/v2\/pages"}],"about":[{"href":"https:\/\/filia-leonis.de\/index.php?rest_route=\/wp\/v2\/types\/page"}],"author":[{"embeddable":true,"href":"https:\/\/filia-leonis.de\/index.php?rest_route=\/wp\/v2\/users\/1"}],"replies":[{"embeddable":true,"href":"https:\/\/filia-leonis.de\/index.php?rest_route=%2Fwp%2Fv2%2Fcomments&post=589"}],"version-history":[{"count":0,"href":"https:\/\/filia-leonis.de\/index.php?rest_route=\/wp\/v2\/pages\/589\/revisions"}],"up":[{"embeddable":true,"href":"https:\/\/filia-leonis.de\/index.php?rest_route=\/wp\/v2\/pages\/160"}],"wp:attachment":[{"href":"https:\/\/filia-leonis.de\/index.php?rest_route=%2Fwp%2Fv2%2Fmedia&parent=589"}],"curies":[{"name":"wp","href":"https:\/\/api.w.org\/{rel}","templated":true}]}}