{"id":586,"date":"2013-03-26T21:19:49","date_gmt":"2013-03-26T21:19:49","guid":{"rendered":"http:\/\/192.168.101.44\/?page_id=2"},"modified":"2013-03-26T21:19:49","modified_gmt":"2013-03-26T21:19:49","slug":"beispiel-seite","status":"publish","type":"page","link":"https:\/\/filia-leonis.de\/?page_id=586","title":{"rendered":"\u00fcber mich | \u00fcber die Reise"},"content":{"rendered":"<p>\u00dcber mich gibt&#8217;s nicht viel zu sagen. Dieser Reiseblog ist\u00a0<strong>relativ\u00a0<\/strong>anonym gehalten, d.h. wer mich kennt, wei\u00df wer ich bin, und wer mich nicht kennt, darf trotzdem gerne mitlesen.<br \/>\nPers\u00f6nlich ist das hier trotzdem.<\/p>\n<p>Warum diese Reise:<br \/>\nDas Leben hat mir letztes Jahr eine kleine &#8220;Watsch&#8217;n&#8221; verpasst, wie man in Bayern so sagen w\u00fcrde. Okay, andere kriegen festere Watsch&#8217;n, f\u00fcr mich war diese allerdings genug. Au\u00dferdem war das Jahr 2012 ohnehin ein f\u00fcr mich sehr bewegtes und auch bewegendes Jahr. Mehr muss man dazu gar nicht wissen.<br \/>\nVielleicht ist das hier meine pers\u00f6nliche Variante des Jakobswegs. Der war mir aber zu voll, und au\u00dferdem bin ich ein bequemer Mensch und so viel Laufen war mir zu bl\u00f6d.<\/p>\n<p>Der grobe Reiseplan (und ein paar wegweisende Entscheidungen) ist (sind) w\u00e4hrend der Rotphase an der Ampel vor dem B\u00fcro entstanden, in dem ich &#8211; zugegeben &#8211; sehr gerne arbeite. Aber jetzt musste ich &#8220;mal raus&#8221;.<br \/>\nH\u00e4tte ich gekonnt, ich w\u00e4re noch am selben Tag losgefahren.<\/p>\n<p>Und ohne die Unterst\u00fctzung von ganz vielen Menschen &#8211; in meiner Arbeit, in meinem pers\u00f6nlichen Umfeld und in meiner Familie, w\u00e4re das sicher nicht so zustande gekommen. Ich rede da auch von so einfachen Dingen wie &#8220;toll, da\u00df Du das machst&#8221; und kleinen Tipps hier und da. Und von gro\u00dfen Dingen, wie z.B. mir die Zeit zu geben, das hier erleben zu d\u00fcrfen.<\/p>\n<p>Danke!<br \/>\nEure Filia Leonis<\/p>\n<p>P.S. Filia Leonis ist lateinisch und bedeutet &#8220;Die Tochter des L\u00f6wen&#8221; &#8211; oder &#8220;des Leo&#8221;. Alles, was ich zum Zugfahren kann und wei\u00df, habe ich von meinem Vater gelernt. Dieses Wissen hilft mir jeden Tag auf meiner Reise und auf jedem Bahnhof der Welt.<br \/>\nUnd da kann ich mich leider nicht mehr pers\u00f6nlich bedanken. Aber, er wird&#8217;s wissen, da\u00df ich ihm dankbar bin \ud83d\ude42<\/p>\n<p>P.P.S. Alle Bilder und Texte hier geh\u00f6ren mir und ich bitte Euch, mich zu informieren, wenn Ihr etwas davon irgendwo verwenden m\u00f6chtet. Das gilt insbesondere f\u00fcr diejenigen, die irgendeins der Bilder hier zu Geld machen wollen! Finger weg! \ud83d\ude42<\/p>\n","protected":false},"excerpt":{"rendered":"<p>\u00dcber mich gibt&#8217;s nicht viel zu sagen. Dieser Reiseblog ist\u00a0relativ\u00a0anonym gehalten, d.h. wer mich kennt, wei\u00df wer ich bin, und wer mich nicht kennt, darf trotzdem gerne mitlesen. Pers\u00f6nlich ist das hier trotzdem. Warum diese Reise: Das Leben hat mir letztes Jahr eine kleine &#8220;Watsch&#8217;n&#8221; verpasst, wie man in Bayern so sagen w\u00fcrde. Okay, andere &hellip; <a href=\"https:\/\/filia-leonis.de\/?page_id=586\" class=\"more-link\">Continue reading<span class=\"screen-reader-text\"> &#8220;\u00fcber mich | \u00fcber die Reise&#8221;<\/span><\/a><\/p>\n","protected":false},"author":1,"featured_media":0,"parent":0,"menu_order":0,"comment_status":"open","ping_status":"open","template":"","meta":{"footnotes":""},"class_list":["post-586","page","type-page","status-publish","hentry"],"_links":{"self":[{"href":"https:\/\/filia-leonis.de\/index.php?rest_route=\/wp\/v2\/pages\/586","targetHints":{"allow":["GET"]}}],"collection":[{"href":"https:\/\/filia-leonis.de\/index.php?rest_route=\/wp\/v2\/pages"}],"about":[{"href":"https:\/\/filia-leonis.de\/index.php?rest_route=\/wp\/v2\/types\/page"}],"author":[{"embeddable":true,"href":"https:\/\/filia-leonis.de\/index.php?rest_route=\/wp\/v2\/users\/1"}],"replies":[{"embeddable":true,"href":"https:\/\/filia-leonis.de\/index.php?rest_route=%2Fwp%2Fv2%2Fcomments&post=586"}],"version-history":[{"count":0,"href":"https:\/\/filia-leonis.de\/index.php?rest_route=\/wp\/v2\/pages\/586\/revisions"}],"wp:attachment":[{"href":"https:\/\/filia-leonis.de\/index.php?rest_route=%2Fwp%2Fv2%2Fmedia&parent=586"}],"curies":[{"name":"wp","href":"https:\/\/api.w.org\/{rel}","templated":true}]}}