{"id":184,"date":"2013-03-03T04:10:08","date_gmt":"2013-03-03T02:10:08","guid":{"rendered":"http:\/\/www.filia-leonis.de\/?page_id=184"},"modified":"2013-03-03T04:10:08","modified_gmt":"2013-03-03T02:10:08","slug":"rom","status":"publish","type":"page","link":"https:\/\/filia-leonis.de\/?page_id=184","title":{"rendered":"Rom"},"content":{"rendered":"<figure id=\"attachment_186\" aria-describedby=\"caption-attachment-186\" style=\"width: 225px\" class=\"wp-caption aligncenter\"><a href=\"http:\/\/filia-leonis.de\/wp-content\/uploads\/2013\/04\/IMG_1044.jpg\"><img loading=\"lazy\" decoding=\"async\" class=\"size-medium wp-image-186\" title=\"R\u00f6misches Fitnessstudio\" alt=\"\" src=\"http:\/\/filia-leonis.de\/wp-content\/uploads\/2013\/04\/IMG_1044-225x300.jpg\" width=\"225\" height=\"300\" srcset=\"https:\/\/filia-leonis.de\/wp-content\/uploads\/2013\/04\/IMG_1044-225x300.jpg 225w, https:\/\/filia-leonis.de\/wp-content\/uploads\/2013\/04\/IMG_1044-768x1024.jpg 768w\" sizes=\"auto, (max-width: 225px) 85vw, 225px\" \/><\/a><figcaption id=\"caption-attachment-186\" class=\"wp-caption-text\">R\u00f6misches Fitnessstudio, Rom<\/figcaption><\/figure>\n<figure id=\"attachment_191\" aria-describedby=\"caption-attachment-191\" style=\"width: 300px\" class=\"wp-caption aligncenter\"><a href=\"http:\/\/filia-leonis.de\/wp-content\/uploads\/2013\/04\/IMG_1012.jpg\"><img loading=\"lazy\" decoding=\"async\" class=\"size-medium wp-image-191 \" title=\"R\u00f6mische Mall\" alt=\"\" src=\"http:\/\/filia-leonis.de\/wp-content\/uploads\/2013\/04\/IMG_1012-300x225.jpg\" width=\"300\" height=\"225\" srcset=\"https:\/\/filia-leonis.de\/wp-content\/uploads\/2013\/04\/IMG_1012-300x225.jpg 300w, https:\/\/filia-leonis.de\/wp-content\/uploads\/2013\/04\/IMG_1012-768x576.jpg 768w, https:\/\/filia-leonis.de\/wp-content\/uploads\/2013\/04\/IMG_1012-1024x768.jpg 1024w\" sizes=\"auto, (max-width: 300px) 85vw, 300px\" \/><\/a><figcaption id=\"caption-attachment-191\" class=\"wp-caption-text\">Kein Schei\u00df: Das war mal eine &#8220;Mall&#8221;<br \/>&#8211; also, fr\u00fcher, ganz fr\u00fcher, als der Julius C\u00e4sar da noch shoppen war &#8211;<\/figcaption><\/figure>\n<figure id=\"attachment_192\" aria-describedby=\"caption-attachment-192\" style=\"width: 300px\" class=\"wp-caption aligncenter\"><a href=\"http:\/\/filia-leonis.de\/wp-content\/uploads\/2013\/04\/IMG_0962-1.jpg\"><img loading=\"lazy\" decoding=\"async\" class=\"size-medium wp-image-192 \" alt=\"\" src=\"http:\/\/filia-leonis.de\/wp-content\/uploads\/2013\/04\/IMG_0962-1-300x225.jpg\" width=\"300\" height=\"225\" \/><\/a><figcaption id=\"caption-attachment-192\" class=\"wp-caption-text\">Sch\u00f6ne Autos I<\/figcaption><\/figure>\n<figure id=\"attachment_193\" aria-describedby=\"caption-attachment-193\" style=\"width: 300px\" class=\"wp-caption aligncenter\"><a href=\"http:\/\/filia-leonis.de\/wp-content\/uploads\/2013\/04\/IMG_1057-1.jpg\"><img loading=\"lazy\" decoding=\"async\" class=\"size-medium wp-image-193\" alt=\"IMG_1057\" src=\"http:\/\/filia-leonis.de\/wp-content\/uploads\/2013\/04\/IMG_1057-1-300x225.jpg\" width=\"300\" height=\"225\" \/><\/a><figcaption id=\"caption-attachment-193\" class=\"wp-caption-text\">Sch\u00f6ne Autos II<\/figcaption><\/figure>\n","protected":false},"excerpt":{"rendered":"","protected":false},"author":1,"featured_media":0,"parent":589,"menu_order":0,"comment_status":"closed","ping_status":"open","template":"","meta":{"footnotes":""},"class_list":["post-184","page","type-page","status-publish","hentry"],"_links":{"self":[{"href":"https:\/\/filia-leonis.de\/index.php?rest_route=\/wp\/v2\/pages\/184","targetHints":{"allow":["GET"]}}],"collection":[{"href":"https:\/\/filia-leonis.de\/index.php?rest_route=\/wp\/v2\/pages"}],"about":[{"href":"https:\/\/filia-leonis.de\/index.php?rest_route=\/wp\/v2\/types\/page"}],"author":[{"embeddable":true,"href":"https:\/\/filia-leonis.de\/index.php?rest_route=\/wp\/v2\/users\/1"}],"replies":[{"embeddable":true,"href":"https:\/\/filia-leonis.de\/index.php?rest_route=%2Fwp%2Fv2%2Fcomments&post=184"}],"version-history":[{"count":0,"href":"https:\/\/filia-leonis.de\/index.php?rest_route=\/wp\/v2\/pages\/184\/revisions"}],"up":[{"embeddable":true,"href":"https:\/\/filia-leonis.de\/index.php?rest_route=\/wp\/v2\/pages\/589"}],"wp:attachment":[{"href":"https:\/\/filia-leonis.de\/index.php?rest_route=%2Fwp%2Fv2%2Fmedia&parent=184"}],"curies":[{"name":"wp","href":"https:\/\/api.w.org\/{rel}","templated":true}]}}